{"id":731560,"date":"2024-08-20T19:31:08","date_gmt":"2024-08-20T19:31:08","guid":{"rendered":"https:\/\/leh.acrowd.se\/?page_id=731560"},"modified":"2026-04-14T11:48:34","modified_gmt":"2026-04-14T11:48:34","slug":"kontakta-oss","status":"publish","type":"page","link":"https:\/\/potmaskin.se\/en\/kontakta-oss\/","title":{"rendered":"Contact us"},"content":{"rendered":"<div style=\"height:100px\" aria-hidden=\"true\" class=\"wp-block-spacer\"><\/div>\n\n\n\n<div class=\"wp-block-group alignwide is-layout-constrained wp-block-group-is-layout-constrained\">\n<div class=\"wp-block-columns alignwide is-layout-flex wp-container-core-columns-is-layout-9d6595d7 wp-block-columns-is-layout-flex\">\n<div class=\"wp-block-column is-content-justification-left is-layout-constrained wp-container-core-column-is-layout-408cd6c9 wp-block-column-is-layout-constrained\">\n<h1 class=\"wp-block-heading\">Contact us<\/h1>\n\n\n\n<p>Here you will find our contact information.<\/p>\n<\/div>\n\n\n\n<div class=\"wp-block-column is-content-justification-right is-layout-constrained wp-container-core-column-is-layout-42ea6a6d wp-block-column-is-layout-constrained\"><div  class=\"tebab-block-icon_list\">\n    <\/div>\n\n<div  class=\"tebab-block-icon_list\">\n    <\/div>\n\n<div  class=\"tebab-block-icon_list\">\n            <div class=\"row\">\n            <div class=\"wrapper\">\n                <img decoding=\"async\" src=\"https:\/\/potmaskin.se\/wp-content\/uploads\/2024\/08\/call-LEH.png\" alt=\"\">\n            <\/div>\n                            <a href=\"tel: +46 73 078 30 72\" class=\"text h4\">\n                    +46 73 078 30 72                <\/a>\n                    <\/div>\n            <div class=\"row\">\n            <div class=\"wrapper\">\n                <img decoding=\"async\" src=\"https:\/\/potmaskin.se\/wp-content\/uploads\/2024\/08\/Alternate-mail-leh.png\" alt=\"\">\n            <\/div>\n                            <a href=\"mailto:kansliet@potmaskin.se\" class=\"text h4\">\n                    matts@potmaskin.se                <\/a>\n                    <\/div>\n    <\/div><\/div>\n<\/div>\n<\/div>\n\n\n\n<div style=\"height:40px\" aria-hidden=\"true\" class=\"wp-block-spacer\"><\/div>\n\n\n\n<h1 class=\"wp-block-heading alignwide\">Our office<\/h1>\n\n\n<section  class=\"tebab-block-person_grid alignwide layout-small\">\n    <div class=\"contained\">\n        <div class=\"grid\">\n            <div class=\"person-card\">\n    \n            <div class=\"featured_image\">\n            <img loading=\"lazy\" decoding=\"async\" width=\"150\" height=\"150\" src=\"https:\/\/potmaskin.se\/wp-content\/uploads\/2024\/10\/siluette-150x150.jpg\" class=\"attachment-thumbnail size-thumbnail\" alt=\"\" srcset=\"https:\/\/potmaskin.se\/wp-content\/uploads\/2024\/10\/siluette-150x150.jpg 150w, https:\/\/potmaskin.se\/wp-content\/uploads\/2024\/10\/siluette-300x300.jpg 300w, https:\/\/potmaskin.se\/wp-content\/uploads\/2024\/10\/siluette-1024x1024.jpg 1024w, https:\/\/potmaskin.se\/wp-content\/uploads\/2024\/10\/siluette-768x768.jpg 768w, https:\/\/potmaskin.se\/wp-content\/uploads\/2024\/10\/siluette.jpg 1080w\" sizes=\"auto, (max-width: 150px) 100vw, 150px\" \/>        <\/div>\n    \n    <div class=\"content-wrapper\">\n        <div class=\"top\">\n                    <\/div>\n        \n        <h3>Lovisa Sp\u00e5ngberg<\/h3>\n\n                    <div class=\"excerpt\">\n                Industry Coordinator            <\/div>\n        \n        <div class=\"links\">\n            \n                            <a href=\"mailto:lovisa@potmaskin.se\">\n                    <div class=\"icon icon-envelope\"><\/div> lovisa@potmaskin.se                <\/a>\n                    <\/div>\n        \n    <\/div>\n<\/div><div class=\"person-card\">\n    \n            <div class=\"featured_image\">\n            <img loading=\"lazy\" decoding=\"async\" width=\"150\" height=\"150\" src=\"https:\/\/potmaskin.se\/wp-content\/uploads\/2024\/08\/Matts-Spangberg-2-150x150.jpg\" class=\"attachment-thumbnail size-thumbnail\" alt=\"\" \/>        <\/div>\n    \n    <div class=\"content-wrapper\">\n        <div class=\"top\">\n                    <\/div>\n        \n        <h3>Matt&#039;s Sp\u00e5ngberg<\/h3>\n\n                    <div class=\"excerpt\">\n                Industry representatives            <\/div>\n        \n        <div class=\"links\">\n                            <a href=\"tel:+46 73 078 30 72\">\n                    <div class=\"icon icon-phone\"><\/div> +46 73 078 30 72                <\/a>\n            \n                            <a href=\"mailto:matts@potmaskin.se\">\n                    <div class=\"icon icon-envelope\"><\/div> matts@potmaskin.se                <\/a>\n                    <\/div>\n        \n    <\/div>\n<\/div>        <\/div>\n    <\/div>\n<\/section>\n\n\n<div style=\"height:101px\" aria-hidden=\"true\" class=\"wp-block-spacer\"><\/div>\n\n\n\n<div class=\"wp-block-group alignwide tebab-form-image is-content-justification-left is-nowrap is-layout-flex wp-container-core-group-is-layout-f56a869c wp-block-group-is-layout-flex\">\n<figure class=\"wp-block-gallery has-nested-images columns-default is-cropped wp-block-gallery-1 is-layout-flex wp-block-gallery-is-layout-flex\">\n<figure class=\"wp-block-image size-full is-style-rounded\"><img loading=\"lazy\" decoding=\"async\" width=\"1000\" height=\"667\" data-id=\"731584\" src=\"https:\/\/www.potmaskin.se\/wp-content\/uploads\/2024\/08\/shutterstock_2319325953.jpg\" alt=\"\" class=\"wp-image-731584\" style=\"aspect-ratio:1;object-fit:cover\" srcset=\"https:\/\/potmaskin.se\/wp-content\/uploads\/2024\/08\/shutterstock_2319325953.jpg 1000w, https:\/\/potmaskin.se\/wp-content\/uploads\/2024\/08\/shutterstock_2319325953-300x200.jpg 300w, https:\/\/potmaskin.se\/wp-content\/uploads\/2024\/08\/shutterstock_2319325953-768x512.jpg 768w\" sizes=\"auto, (max-width: 1000px) 100vw, 1000px\" \/><\/figure>\n<\/figure>\n\n\n\n<div class=\"wp-block-group tebab-form-image__content has-background wp-container-content-9cfa9a5a is-nowrap is-layout-flex wp-container-core-group-is-layout-ad2f72ca wp-block-group-is-layout-flex\" style=\"background-color:#efefef\">\n<h2 class=\"wp-block-heading\">Would you rather be contacted by us? <\/h2>\n\n\n\n<p>Fill out the form and we will get back to you as soon as possible!<\/p>\n\n\n\n<p><\/p>\n\n\n<section  class=\"tebab-block-form\">\n    <form data-tebab-form=\"block_a5ff72f40794449d1ad632393bc11e8f\" data-tebab-page=\"731560\" action=\"\">\n        <label class=\"input-wrapper required\" for=\"vill-hellre-bli-kontaktad\">\n    <span>Email: *<\/span>\n    <input type=\"email\" name=\"vill-hellre-bli-kontaktad\" id=\"vill-hellre-bli-kontaktad\" placeholder=\"example@sme-d.se\" required>\n<\/label>\n        <div class=\"input-wrapper\">\n            <button type=\"submit\" class=\"button\">Send<\/button>\n        <\/div>\n\n            <input type=\"hidden\" name=\"trp-form-language\" value=\"en\"\/><\/form>\n<\/section><\/div>\n<\/div>\n\n\n\n<div style=\"height:100px\" aria-hidden=\"true\" class=\"wp-block-spacer\"><\/div>\n\n\n\n<p><\/p>","protected":false},"excerpt":{"rendered":"<p>Contact us Here you will find our contact information. Our office<\/p>","protected":false},"author":1,"featured_media":0,"parent":0,"menu_order":0,"comment_status":"closed","ping_status":"closed","template":"","meta":{"footnotes":""},"class_list":["post-731560","page","type-page","status-publish","hentry"],"acf":[],"yoast_head":"<!-- This site is optimized with the Yoast SEO plugin v26.2 - https:\/\/yoast.com\/wordpress\/plugins\/seo\/ -->\n<title>Kontakta oss - NPG<\/title>\n<meta name=\"robots\" content=\"index, follow, max-snippet:-1, max-image-preview:large, max-video-preview:-1\" \/>\n<link rel=\"canonical\" href=\"https:\/\/potmaskin.se\/en\/kontakta-oss\/\" \/>\n<meta property=\"og:locale\" content=\"en_US\" \/>\n<meta property=\"og:type\" content=\"article\" \/>\n<meta property=\"og:title\" content=\"Kontakta oss - NPG\" \/>\n<meta property=\"og:description\" content=\"Kontakta oss H\u00e4r hittar du kontaktuppgifter till oss. V\u00e5rt kansli\" \/>\n<meta property=\"og:url\" content=\"https:\/\/potmaskin.se\/en\/kontakta-oss\/\" \/>\n<meta property=\"og:site_name\" content=\"NPG\" \/>\n<meta property=\"article:modified_time\" content=\"2026-04-14T11:48:34+00:00\" \/>\n<meta name=\"twitter:card\" content=\"summary_large_image\" \/>\n<meta name=\"twitter:label1\" content=\"Est. reading time\" \/>\n\t<meta name=\"twitter:data1\" content=\"1 minute\" \/>\n<script type=\"application\/ld+json\" class=\"yoast-schema-graph\">{\"@context\":\"https:\/\/schema.org\",\"@graph\":[{\"@type\":\"WebPage\",\"@id\":\"https:\/\/potmaskin.se\/kontakta-oss\/\",\"url\":\"https:\/\/potmaskin.se\/kontakta-oss\/\",\"name\":\"Kontakta oss - NPG\",\"isPartOf\":{\"@id\":\"https:\/\/potmaskin.se\/#website\"},\"datePublished\":\"2024-08-20T19:31:08+00:00\",\"dateModified\":\"2026-04-14T11:48:34+00:00\",\"breadcrumb\":{\"@id\":\"https:\/\/potmaskin.se\/kontakta-oss\/#breadcrumb\"},\"inLanguage\":\"en-US\",\"potentialAction\":[{\"@type\":\"ReadAction\",\"target\":[\"https:\/\/potmaskin.se\/kontakta-oss\/\"]}]},{\"@type\":\"BreadcrumbList\",\"@id\":\"https:\/\/potmaskin.se\/kontakta-oss\/#breadcrumb\",\"itemListElement\":[{\"@type\":\"ListItem\",\"position\":1,\"name\":\"Home\",\"item\":\"https:\/\/potmaskin.se\/\"},{\"@type\":\"ListItem\",\"position\":2,\"name\":\"Kontakta oss\"}]},{\"@type\":\"WebSite\",\"@id\":\"https:\/\/potmaskin.se\/#website\",\"url\":\"https:\/\/potmaskin.se\/\",\"name\":\"LEH\",\"description\":\"Branschorganisationen f\u00f6r tillverkare och import\u00f6rer inom verktyg och tr\u00e4dg\u00e5rd\",\"publisher\":{\"@id\":\"https:\/\/potmaskin.se\/#organization\"},\"potentialAction\":[{\"@type\":\"SearchAction\",\"target\":{\"@type\":\"EntryPoint\",\"urlTemplate\":\"https:\/\/potmaskin.se\/?s={search_term_string}\"},\"query-input\":{\"@type\":\"PropertyValueSpecification\",\"valueRequired\":true,\"valueName\":\"search_term_string\"}}],\"inLanguage\":\"en-US\"},{\"@type\":\"Organization\",\"@id\":\"https:\/\/potmaskin.se\/#organization\",\"name\":\"LEH\",\"url\":\"https:\/\/potmaskin.se\/\",\"logo\":{\"@type\":\"ImageObject\",\"inLanguage\":\"en-US\",\"@id\":\"https:\/\/potmaskin.se\/#\/schema\/logo\/image\/\",\"url\":\"https:\/\/potmaskin.se\/wp-content\/uploads\/2026\/01\/cropped-NPG-Logga-orginal_1.jpg\",\"contentUrl\":\"https:\/\/potmaskin.se\/wp-content\/uploads\/2026\/01\/cropped-NPG-Logga-orginal_1.jpg\",\"width\":500,\"height\":134,\"caption\":\"LEH\"},\"image\":{\"@id\":\"https:\/\/potmaskin.se\/#\/schema\/logo\/image\/\"}}]}<\/script>\n<!-- \/ Yoast SEO plugin. -->","yoast_head_json":{"title":"Kontakta oss - NPG","robots":{"index":"index","follow":"follow","max-snippet":"max-snippet:-1","max-image-preview":"max-image-preview:large","max-video-preview":"max-video-preview:-1"},"canonical":"https:\/\/potmaskin.se\/en\/kontakta-oss\/","og_locale":"en_US","og_type":"article","og_title":"Kontakta oss - NPG","og_description":"Kontakta oss H\u00e4r hittar du kontaktuppgifter till oss. V\u00e5rt kansli","og_url":"https:\/\/potmaskin.se\/en\/kontakta-oss\/","og_site_name":"NPG","article_modified_time":"2026-04-14T11:48:34+00:00","twitter_card":"summary_large_image","twitter_misc":{"Est. reading time":"1 minute"},"schema":{"@context":"https:\/\/schema.org","@graph":[{"@type":"WebPage","@id":"https:\/\/potmaskin.se\/kontakta-oss\/","url":"https:\/\/potmaskin.se\/kontakta-oss\/","name":"Kontakta oss - NPG","isPartOf":{"@id":"https:\/\/potmaskin.se\/#website"},"datePublished":"2024-08-20T19:31:08+00:00","dateModified":"2026-04-14T11:48:34+00:00","breadcrumb":{"@id":"https:\/\/potmaskin.se\/kontakta-oss\/#breadcrumb"},"inLanguage":"en-US","potentialAction":[{"@type":"ReadAction","target":["https:\/\/potmaskin.se\/kontakta-oss\/"]}]},{"@type":"BreadcrumbList","@id":"https:\/\/potmaskin.se\/kontakta-oss\/#breadcrumb","itemListElement":[{"@type":"ListItem","position":1,"name":"Home","item":"https:\/\/potmaskin.se\/"},{"@type":"ListItem","position":2,"name":"Kontakta oss"}]},{"@type":"WebSite","@id":"https:\/\/potmaskin.se\/#website","url":"https:\/\/potmaskin.se\/","name":"LEH","description":"The trade association for manufacturers and importers of tools and garden equipment","publisher":{"@id":"https:\/\/potmaskin.se\/#organization"},"potentialAction":[{"@type":"SearchAction","target":{"@type":"EntryPoint","urlTemplate":"https:\/\/potmaskin.se\/?s={search_term_string}"},"query-input":{"@type":"PropertyValueSpecification","valueRequired":true,"valueName":"search_term_string"}}],"inLanguage":"en-US"},{"@type":"Organization","@id":"https:\/\/potmaskin.se\/#organization","name":"LEH","url":"https:\/\/potmaskin.se\/","logo":{"@type":"ImageObject","inLanguage":"en-US","@id":"https:\/\/potmaskin.se\/#\/schema\/logo\/image\/","url":"https:\/\/potmaskin.se\/wp-content\/uploads\/2026\/01\/cropped-NPG-Logga-orginal_1.jpg","contentUrl":"https:\/\/potmaskin.se\/wp-content\/uploads\/2026\/01\/cropped-NPG-Logga-orginal_1.jpg","width":500,"height":134,"caption":"LEH"},"image":{"@id":"https:\/\/potmaskin.se\/#\/schema\/logo\/image\/"}}]}},"_links":{"self":[{"href":"https:\/\/potmaskin.se\/en\/wp-json\/wp\/v2\/pages\/731560","targetHints":{"allow":["GET"]}}],"collection":[{"href":"https:\/\/potmaskin.se\/en\/wp-json\/wp\/v2\/pages"}],"about":[{"href":"https:\/\/potmaskin.se\/en\/wp-json\/wp\/v2\/types\/page"}],"author":[{"embeddable":true,"href":"https:\/\/potmaskin.se\/en\/wp-json\/wp\/v2\/users\/1"}],"replies":[{"embeddable":true,"href":"https:\/\/potmaskin.se\/en\/wp-json\/wp\/v2\/comments?post=731560"}],"version-history":[{"count":28,"href":"https:\/\/potmaskin.se\/en\/wp-json\/wp\/v2\/pages\/731560\/revisions"}],"predecessor-version":[{"id":732415,"href":"https:\/\/potmaskin.se\/en\/wp-json\/wp\/v2\/pages\/731560\/revisions\/732415"}],"wp:attachment":[{"href":"https:\/\/potmaskin.se\/en\/wp-json\/wp\/v2\/media?parent=731560"}],"curies":[{"name":"wp","href":"https:\/\/api.w.org\/{rel}","templated":true}]}}