{"id":731645,"date":"2024-08-27T19:15:28","date_gmt":"2024-08-27T19:15:28","guid":{"rendered":"https:\/\/leh.acrowd.se\/?page_id=731645"},"modified":"2026-04-14T17:05:54","modified_gmt":"2026-04-14T17:05:54","slug":"medlemskap","status":"publish","type":"page","link":"https:\/\/potmaskin.se\/en\/medlemskap\/","title":{"rendered":"Membership"},"content":{"rendered":"<div style=\"height:60px\" aria-hidden=\"true\" class=\"wp-block-spacer\"><\/div>\n\n\n<section  class=\"tebab-block-split_screen alignfull image_alignment-left\">\n    <div class=\"contained\">\n        <div class=\"tebab-block-split_screen__image-wrapper\">\n            <img loading=\"lazy\" decoding=\"async\" width=\"1080\" height=\"1080\" src=\"https:\/\/potmaskin.se\/wp-content\/uploads\/2024\/08\/LEH-arsmote-1080x1080.jpg\" class=\"attachment-landscape size-landscape\" alt=\"\" srcset=\"https:\/\/potmaskin.se\/wp-content\/uploads\/2024\/08\/LEH-arsmote-1080x1080.jpg 1080w, https:\/\/potmaskin.se\/wp-content\/uploads\/2024\/08\/LEH-arsmote-300x300.jpg 300w, https:\/\/potmaskin.se\/wp-content\/uploads\/2024\/08\/LEH-arsmote-1024x1024.jpg 1024w, https:\/\/potmaskin.se\/wp-content\/uploads\/2024\/08\/LEH-arsmote-150x150.jpg 150w, https:\/\/potmaskin.se\/wp-content\/uploads\/2024\/08\/LEH-arsmote-768x768.jpg 768w, https:\/\/potmaskin.se\/wp-content\/uploads\/2024\/08\/LEH-arsmote.jpg 1500w\" sizes=\"auto, (max-width: 1080px) 100vw, 1080px\" \/>        <\/div>\n\n        <div class=\"tebab-block-split_screen__content-wrapper\">\n            <h1>Membership for a stronger industry<\/h1>\n<p>As a member with us, you will receive, among other things:<\/p>\n<ul>\n<li>Access to a broad network.<\/li>\n<li>Opportunity to influence the direction of both the organization and the industry.<\/li>\n<li>Market analysis in the form of statistics and forecast<\/li>\n<li>Access to NPG activities and meetings such as webinars, networking events and training courses<\/li>\n<\/ul>\n\n                            <div class=\"tebab-block-split_screen__buttons\">\n                                            <a href=\"http:\/\/potmaskin.se\/en\/dokument\/medlemsansokan\/\" class=\"button styled\" target=\"\" rel=\"noreferrer\">Membership application<\/a>\n                                    <\/div>\n            \n        <\/div>\n    <\/div>\n<\/section>\n\n\n<div style=\"height:60px\" aria-hidden=\"true\" class=\"wp-block-spacer\"><\/div>\n\n\n\n<div style=\"height:60px\" aria-hidden=\"true\" class=\"wp-block-spacer\"><\/div>\n\n\n\n\n\n<div style=\"height:60px\" aria-hidden=\"true\" class=\"wp-block-spacer\"><\/div>\n\n\n\n<p><\/p>","protected":false},"excerpt":{"rendered":"","protected":false},"author":1,"featured_media":0,"parent":0,"menu_order":0,"comment_status":"closed","ping_status":"closed","template":"","meta":{"footnotes":""},"class_list":["post-731645","page","type-page","status-publish","hentry"],"acf":[],"yoast_head":"<!-- This site is optimized with the Yoast SEO plugin v26.2 - https:\/\/yoast.com\/wordpress\/plugins\/seo\/ -->\n<title>Medlemskap - NPG<\/title>\n<meta name=\"robots\" content=\"index, follow, max-snippet:-1, max-image-preview:large, max-video-preview:-1\" \/>\n<link rel=\"canonical\" href=\"https:\/\/potmaskin.se\/en\/medlemskap\/\" \/>\n<meta property=\"og:locale\" content=\"en_US\" \/>\n<meta property=\"og:type\" content=\"article\" \/>\n<meta property=\"og:title\" content=\"Medlemskap - NPG\" \/>\n<meta property=\"og:url\" content=\"https:\/\/potmaskin.se\/en\/medlemskap\/\" \/>\n<meta property=\"og:site_name\" content=\"NPG\" \/>\n<meta property=\"article:modified_time\" content=\"2026-04-14T17:05:54+00:00\" \/>\n<meta name=\"twitter:card\" content=\"summary_large_image\" \/>\n<script type=\"application\/ld+json\" class=\"yoast-schema-graph\">{\"@context\":\"https:\/\/schema.org\",\"@graph\":[{\"@type\":\"WebPage\",\"@id\":\"https:\/\/potmaskin.se\/medlemskap\/\",\"url\":\"https:\/\/potmaskin.se\/medlemskap\/\",\"name\":\"Medlemskap - NPG\",\"isPartOf\":{\"@id\":\"https:\/\/potmaskin.se\/#website\"},\"datePublished\":\"2024-08-27T19:15:28+00:00\",\"dateModified\":\"2026-04-14T17:05:54+00:00\",\"breadcrumb\":{\"@id\":\"https:\/\/potmaskin.se\/medlemskap\/#breadcrumb\"},\"inLanguage\":\"en-US\",\"potentialAction\":[{\"@type\":\"ReadAction\",\"target\":[\"https:\/\/potmaskin.se\/medlemskap\/\"]}]},{\"@type\":\"BreadcrumbList\",\"@id\":\"https:\/\/potmaskin.se\/medlemskap\/#breadcrumb\",\"itemListElement\":[{\"@type\":\"ListItem\",\"position\":1,\"name\":\"Home\",\"item\":\"https:\/\/potmaskin.se\/\"},{\"@type\":\"ListItem\",\"position\":2,\"name\":\"Medlemskap\"}]},{\"@type\":\"WebSite\",\"@id\":\"https:\/\/potmaskin.se\/#website\",\"url\":\"https:\/\/potmaskin.se\/\",\"name\":\"LEH\",\"description\":\"Branschorganisationen f\u00f6r tillverkare och import\u00f6rer inom verktyg och tr\u00e4dg\u00e5rd\",\"publisher\":{\"@id\":\"https:\/\/potmaskin.se\/#organization\"},\"potentialAction\":[{\"@type\":\"SearchAction\",\"target\":{\"@type\":\"EntryPoint\",\"urlTemplate\":\"https:\/\/potmaskin.se\/?s={search_term_string}\"},\"query-input\":{\"@type\":\"PropertyValueSpecification\",\"valueRequired\":true,\"valueName\":\"search_term_string\"}}],\"inLanguage\":\"en-US\"},{\"@type\":\"Organization\",\"@id\":\"https:\/\/potmaskin.se\/#organization\",\"name\":\"LEH\",\"url\":\"https:\/\/potmaskin.se\/\",\"logo\":{\"@type\":\"ImageObject\",\"inLanguage\":\"en-US\",\"@id\":\"https:\/\/potmaskin.se\/#\/schema\/logo\/image\/\",\"url\":\"https:\/\/potmaskin.se\/wp-content\/uploads\/2026\/01\/cropped-NPG-Logga-orginal_1.jpg\",\"contentUrl\":\"https:\/\/potmaskin.se\/wp-content\/uploads\/2026\/01\/cropped-NPG-Logga-orginal_1.jpg\",\"width\":500,\"height\":134,\"caption\":\"LEH\"},\"image\":{\"@id\":\"https:\/\/potmaskin.se\/#\/schema\/logo\/image\/\"}}]}<\/script>\n<!-- \/ Yoast SEO plugin. -->","yoast_head_json":{"title":"Membership - NPG","robots":{"index":"index","follow":"follow","max-snippet":"max-snippet:-1","max-image-preview":"max-image-preview:large","max-video-preview":"max-video-preview:-1"},"canonical":"https:\/\/potmaskin.se\/en\/medlemskap\/","og_locale":"en_US","og_type":"article","og_title":"Medlemskap - NPG","og_url":"https:\/\/potmaskin.se\/en\/medlemskap\/","og_site_name":"NPG","article_modified_time":"2026-04-14T17:05:54+00:00","twitter_card":"summary_large_image","schema":{"@context":"https:\/\/schema.org","@graph":[{"@type":"WebPage","@id":"https:\/\/potmaskin.se\/medlemskap\/","url":"https:\/\/potmaskin.se\/medlemskap\/","name":"Membership - NPG","isPartOf":{"@id":"https:\/\/potmaskin.se\/#website"},"datePublished":"2024-08-27T19:15:28+00:00","dateModified":"2026-04-14T17:05:54+00:00","breadcrumb":{"@id":"https:\/\/potmaskin.se\/medlemskap\/#breadcrumb"},"inLanguage":"en-US","potentialAction":[{"@type":"ReadAction","target":["https:\/\/potmaskin.se\/medlemskap\/"]}]},{"@type":"BreadcrumbList","@id":"https:\/\/potmaskin.se\/medlemskap\/#breadcrumb","itemListElement":[{"@type":"ListItem","position":1,"name":"Home","item":"https:\/\/potmaskin.se\/"},{"@type":"ListItem","position":2,"name":"Medlemskap"}]},{"@type":"WebSite","@id":"https:\/\/potmaskin.se\/#website","url":"https:\/\/potmaskin.se\/","name":"LEH","description":"The trade association for manufacturers and importers of tools and garden equipment","publisher":{"@id":"https:\/\/potmaskin.se\/#organization"},"potentialAction":[{"@type":"SearchAction","target":{"@type":"EntryPoint","urlTemplate":"https:\/\/potmaskin.se\/?s={search_term_string}"},"query-input":{"@type":"PropertyValueSpecification","valueRequired":true,"valueName":"search_term_string"}}],"inLanguage":"en-US"},{"@type":"Organization","@id":"https:\/\/potmaskin.se\/#organization","name":"LEH","url":"https:\/\/potmaskin.se\/","logo":{"@type":"ImageObject","inLanguage":"en-US","@id":"https:\/\/potmaskin.se\/#\/schema\/logo\/image\/","url":"https:\/\/potmaskin.se\/wp-content\/uploads\/2026\/01\/cropped-NPG-Logga-orginal_1.jpg","contentUrl":"https:\/\/potmaskin.se\/wp-content\/uploads\/2026\/01\/cropped-NPG-Logga-orginal_1.jpg","width":500,"height":134,"caption":"LEH"},"image":{"@id":"https:\/\/potmaskin.se\/#\/schema\/logo\/image\/"}}]}},"_links":{"self":[{"href":"https:\/\/potmaskin.se\/en\/wp-json\/wp\/v2\/pages\/731645","targetHints":{"allow":["GET"]}}],"collection":[{"href":"https:\/\/potmaskin.se\/en\/wp-json\/wp\/v2\/pages"}],"about":[{"href":"https:\/\/potmaskin.se\/en\/wp-json\/wp\/v2\/types\/page"}],"author":[{"embeddable":true,"href":"https:\/\/potmaskin.se\/en\/wp-json\/wp\/v2\/users\/1"}],"replies":[{"embeddable":true,"href":"https:\/\/potmaskin.se\/en\/wp-json\/wp\/v2\/comments?post=731645"}],"version-history":[{"count":23,"href":"https:\/\/potmaskin.se\/en\/wp-json\/wp\/v2\/pages\/731645\/revisions"}],"predecessor-version":[{"id":732427,"href":"https:\/\/potmaskin.se\/en\/wp-json\/wp\/v2\/pages\/731645\/revisions\/732427"}],"wp:attachment":[{"href":"https:\/\/potmaskin.se\/en\/wp-json\/wp\/v2\/media?parent=731645"}],"curies":[{"name":"wp","href":"https:\/\/api.w.org\/{rel}","templated":true}]}}