{"id":731714,"date":"2024-08-28T08:50:59","date_gmt":"2024-08-28T08:50:59","guid":{"rendered":"https:\/\/leh.acrowd.se\/?page_id=731714"},"modified":"2026-04-16T11:41:52","modified_gmt":"2026-04-16T11:41:52","slug":"om_leh","status":"publish","type":"page","link":"https:\/\/potmaskin.se\/en\/om_leh\/","title":{"rendered":"About NPG"},"content":{"rendered":"<section  class=\"tebab-block-hero alignfull\" style=\"--heading-color: #ffffff;\">\n\n    <img loading=\"lazy\" decoding=\"async\" width=\"1620\" height=\"1080\" src=\"https:\/\/potmaskin.se\/wp-content\/uploads\/2024\/10\/shutterstock_2411629105_web_tinted-1620x1080.jpg\" class=\"attachment-landscape size-landscape\" alt=\"\" srcset=\"https:\/\/potmaskin.se\/wp-content\/uploads\/2024\/10\/shutterstock_2411629105_web_tinted-1620x1080.jpg 1620w, https:\/\/potmaskin.se\/wp-content\/uploads\/2024\/10\/shutterstock_2411629105_web_tinted-300x200.jpg 300w, https:\/\/potmaskin.se\/wp-content\/uploads\/2024\/10\/shutterstock_2411629105_web_tinted-1024x683.jpg 1024w, https:\/\/potmaskin.se\/wp-content\/uploads\/2024\/10\/shutterstock_2411629105_web_tinted-768x512.jpg 768w, https:\/\/potmaskin.se\/wp-content\/uploads\/2024\/10\/shutterstock_2411629105_web_tinted-1536x1024.jpg 1536w, https:\/\/potmaskin.se\/wp-content\/uploads\/2024\/10\/shutterstock_2411629105_web_tinted-2048x1365.jpg 2048w\" sizes=\"auto, (max-width: 1620px) 100vw, 1620px\" \/>\n    <div class=\"contained\">\n                <h1 class=\"tebab-block-hero__heading\">\n            About NPG        <\/h1>\n\n                    <div class=\"tebab-block-hero__buttons\">\n                                    <a href=\"\/en\/medlemmar\/\" class=\"button primary\" target=\"\" rel=\"noreferrer\">Our members<\/a>\n                                    <a href=\"\/en\/Styrelsen\/\" class=\"button primary\" target=\"\" rel=\"noreferrer\">Board of Directors<\/a>\n                            <\/div>\n            <\/div>\n<\/section>\n\n\n<div style=\"height:100px\" aria-hidden=\"true\" class=\"wp-block-spacer\"><\/div>\n\n\n\n<h1 class=\"wp-block-heading has-text-align-center\"><strong>NPG is the trade association for manufacturers and importers in tools and garden.<\/strong><\/h1>\n\n\n\n<div style=\"height:40px\" aria-hidden=\"true\" class=\"wp-block-spacer\"><\/div>\n\n\n\n<blockquote class=\"wp-block-quote is-layout-flow wp-block-quote-is-layout-flow\">\n<p class=\"has-text-align-center\">We monitor the development of the industry, drive important future issues and strengthen the influence of our members. Through collaboration, networking and dialogue with authorities and other stakeholders, we drive issues related to safety, the environment and future regulations.<\/p>\n<\/blockquote>\n\n\n\n<div style=\"height:100px\" aria-hidden=\"true\" class=\"wp-block-spacer\"><\/div>\n\n\n<section  class=\"tebab-block-split_screen alignfull image_alignment-left\">\n    <div class=\"contained\">\n        <div class=\"tebab-block-split_screen__image-wrapper\">\n            <img loading=\"lazy\" decoding=\"async\" width=\"1080\" height=\"1080\" src=\"https:\/\/potmaskin.se\/wp-content\/uploads\/2024\/08\/shutterstock_2458720995-1080x1080.jpg\" class=\"attachment-landscape size-landscape\" alt=\"\" srcset=\"https:\/\/potmaskin.se\/wp-content\/uploads\/2024\/08\/shutterstock_2458720995-1080x1080.jpg 1080w, https:\/\/potmaskin.se\/wp-content\/uploads\/2024\/08\/shutterstock_2458720995-300x300.jpg 300w, https:\/\/potmaskin.se\/wp-content\/uploads\/2024\/08\/shutterstock_2458720995-1024x1024.jpg 1024w, https:\/\/potmaskin.se\/wp-content\/uploads\/2024\/08\/shutterstock_2458720995-150x150.jpg 150w, https:\/\/potmaskin.se\/wp-content\/uploads\/2024\/08\/shutterstock_2458720995-768x768.jpg 768w, https:\/\/potmaskin.se\/wp-content\/uploads\/2024\/08\/shutterstock_2458720995-1536x1536.jpg 1536w, https:\/\/potmaskin.se\/wp-content\/uploads\/2024\/08\/shutterstock_2458720995.jpg 2000w\" sizes=\"auto, (max-width: 1080px) 100vw, 1080px\" \/>        <\/div>\n\n        <div class=\"tebab-block-split_screen__content-wrapper\">\n            <h4><span class=\"wysiwyg-font-size-16\">NPG was founded in 1975. The industry range consists of <\/span><span class=\"wysiwyg-font-size-16\">elektriska handverktyg, handmaskiner, spikpistoler och inf\u00e4stningar samt park- och tr\u00e4dg\u00e5rdsmaskiner som s\u00e4ljs via detaljister och grossister.<\/span><\/h4>\n<p><span class=\"wysiwyg-font-size-16\">The member companies account for the vast majority of the market and have a market coverage of professional products of approximately 95%.<\/span><span class=\"wysiwyg-font-size-16\">.<\/span><\/p>\n<p><span class=\"wysiwyg-font-size-16\">In general, the association&#039;s activities can<br \/>\nsummarized in the following main areas:<\/span><\/p>\n<ul>\n<li><span class=\"wysiwyg-font-size-16\">Business legal issues<\/span><\/li>\n<li><span class=\"wysiwyg-font-size-16\">Work environment issues and safety<\/span><\/li>\n<li><span class=\"wysiwyg-font-size-16\">Industry development<\/span><\/li>\n<li><span class=\"wysiwyg-font-size-16\">EU issues<\/span><\/li>\n<li><span class=\"wysiwyg-font-size-16\">Consumer law<\/span><\/li>\n<li><span class=\"wysiwyg-font-size-16\">Legislation<\/span><\/li>\n<li><span class=\"wysiwyg-font-size-16\">Market analysis in form <\/span><span class=\"wysiwyg-font-size-16\">of statistics and forecast<\/span><\/li>\n<li><span class=\"wysiwyg-font-size-16\">Environmental issues<\/span><\/li>\n<li><span class=\"wysiwyg-font-size-16\">Fairs<\/span><\/li>\n<\/ul>\n\n            \n        <\/div>\n    <\/div>\n<\/section>\n\n\n<div style=\"height:100px\" aria-hidden=\"true\" class=\"wp-block-spacer\"><\/div>\n\n\n\n<section  class=\"tebab-block-text_columns alignfull\">\n\t<div class=\"contained\">\n\t\t<div class=\"columns\">\n\t\t\t\t\t\t\t<div class=\"column has-image\">\n\t\t\t\t\t \n\t\t\t\t\t\t<div class=\"image\">\n\t\t\t\t\t\t\t<img loading=\"lazy\" decoding=\"async\" width=\"1024\" height=\"576\" src=\"https:\/\/potmaskin.se\/wp-content\/uploads\/2024\/08\/stadgar-1024x576.jpg\" class=\"attachment-large size-large\" alt=\"\" srcset=\"https:\/\/potmaskin.se\/wp-content\/uploads\/2024\/08\/stadgar-1024x576.jpg 1024w, https:\/\/potmaskin.se\/wp-content\/uploads\/2024\/08\/stadgar-300x169.jpg 300w, https:\/\/potmaskin.se\/wp-content\/uploads\/2024\/08\/stadgar-768x432.jpg 768w, https:\/\/potmaskin.se\/wp-content\/uploads\/2024\/08\/stadgar-1536x864.jpg 1536w, https:\/\/potmaskin.se\/wp-content\/uploads\/2024\/08\/stadgar.jpg 1600w\" sizes=\"auto, (max-width: 1024px) 100vw, 1024px\" \/>\t\t\t\t\t\t<\/div>\n\t\t\t\t\t\t\t\t\t\t<div class=\"content\">\n\t\t\t\t\t\t<h3 class=\"column-title\">Statutes<\/h3>\n\t\t\t\t\t\t<p class=\"column-text\">The statutes were adopted at the association meeting in Stockholm on October 23, 2025.<\/p>\n\t\t\t\t\t\t\t\t\t\t\t\t\t<a href=\"\/en\/stadgar\/\" class=\"column-link button\">\n\t\t\t\t\t\t\t\tRead more\t\t\t\t\t\t\t<\/a>\n\t\t\t\t\t\t\t\t\t\t\t<\/div>\n\t\t\t\t<\/div>\n\t\t\t\t\t\t\t<div class=\"column has-image\">\n\t\t\t\t\t \n\t\t\t\t\t\t<div class=\"image\">\n\t\t\t\t\t\t\t<img loading=\"lazy\" decoding=\"async\" width=\"1024\" height=\"683\" src=\"https:\/\/potmaskin.se\/wp-content\/uploads\/2024\/08\/shutterstock_2172227403-scaled-1-2048x1366-1-1024x683.jpg\" class=\"attachment-large size-large\" alt=\"\" srcset=\"https:\/\/potmaskin.se\/wp-content\/uploads\/2024\/08\/shutterstock_2172227403-scaled-1-2048x1366-1-1024x683.jpg 1024w, https:\/\/potmaskin.se\/wp-content\/uploads\/2024\/08\/shutterstock_2172227403-scaled-1-2048x1366-1-300x200.jpg 300w, https:\/\/potmaskin.se\/wp-content\/uploads\/2024\/08\/shutterstock_2172227403-scaled-1-2048x1366-1-768x512.jpg 768w, https:\/\/potmaskin.se\/wp-content\/uploads\/2024\/08\/shutterstock_2172227403-scaled-1-2048x1366-1-1536x1025.jpg 1536w, https:\/\/potmaskin.se\/wp-content\/uploads\/2024\/08\/shutterstock_2172227403-scaled-1-2048x1366-1-1619x1080.jpg 1619w, https:\/\/potmaskin.se\/wp-content\/uploads\/2024\/08\/shutterstock_2172227403-scaled-1-2048x1366-1.jpg 2048w\" sizes=\"auto, (max-width: 1024px) 100vw, 1024px\" \/>\t\t\t\t\t\t<\/div>\n\t\t\t\t\t\t\t\t\t\t<div class=\"content\">\n\t\t\t\t\t\t<h3 class=\"column-title\">Code of conduct<\/h3>\n\t\t\t\t\t\t<p class=\"column-text\">F\u00f6r NPG \u00e4r det viktigt att verksamheten och anslutna branschf\u00f6reningar f\u00f6ljer konkurrensr\u00e4tten.<br \/>\r\n<br \/>\r\nVi har d\u00e4rf\u00f6r skapat en konkurrensr\u00e4ttslig uppf\u00f6randekod som g\u00e4ller f\u00f6r bolaget och alla anslutna branschf\u00f6reningar.<\/p>\n\t\t\t\t\t\t\t\t\t\t\t\t\t<a href=\"\/en\/code-of-conduct\/\" class=\"column-link button\">\n\t\t\t\t\t\t\t\tRead more\t\t\t\t\t\t\t<\/a>\n\t\t\t\t\t\t\t\t\t\t\t<\/div>\n\t\t\t\t<\/div>\n\t\t\t\t\t\t\t<div class=\"column has-image\">\n\t\t\t\t\t \n\t\t\t\t\t\t<div class=\"image\">\n\t\t\t\t\t\t\t<img loading=\"lazy\" decoding=\"async\" width=\"1024\" height=\"650\" src=\"https:\/\/potmaskin.se\/wp-content\/uploads\/2024\/08\/personuppgiftspolicy-scaled-1-2048x1299-1-1024x650.jpg\" class=\"attachment-large size-large\" alt=\"\" srcset=\"https:\/\/potmaskin.se\/wp-content\/uploads\/2024\/08\/personuppgiftspolicy-scaled-1-2048x1299-1-1024x650.jpg 1024w, https:\/\/potmaskin.se\/wp-content\/uploads\/2024\/08\/personuppgiftspolicy-scaled-1-2048x1299-1-300x190.jpg 300w, https:\/\/potmaskin.se\/wp-content\/uploads\/2024\/08\/personuppgiftspolicy-scaled-1-2048x1299-1-768x487.jpg 768w, https:\/\/potmaskin.se\/wp-content\/uploads\/2024\/08\/personuppgiftspolicy-scaled-1-2048x1299-1-1536x974.jpg 1536w, https:\/\/potmaskin.se\/wp-content\/uploads\/2024\/08\/personuppgiftspolicy-scaled-1-2048x1299-1-1703x1080.jpg 1703w, https:\/\/potmaskin.se\/wp-content\/uploads\/2024\/08\/personuppgiftspolicy-scaled-1-2048x1299-1.jpg 2048w\" sizes=\"auto, (max-width: 1024px) 100vw, 1024px\" \/>\t\t\t\t\t\t<\/div>\n\t\t\t\t\t\t\t\t\t\t<div class=\"content\">\n\t\t\t\t\t\t<h3 class=\"column-title\">Privacy Policy<\/h3>\n\t\t\t\t\t\t<p class=\"column-text\">NPG protects your personal privacy and always strives for a high level of data protection.<br \/>\r\n<br \/>\r\nThis privacy policy explains how we collect and use your personal information.<\/p>\n\t\t\t\t\t\t\t\t\t\t\t\t\t<a href=\"\/en\/integritetspolicy\/\" class=\"column-link button\">\n\t\t\t\t\t\t\t\tRead more\t\t\t\t\t\t\t<\/a>\n\t\t\t\t\t\t\t\t\t\t\t<\/div>\n\t\t\t\t<\/div>\n\t\t\t\t\t<\/div>\n\t<\/div>\n<\/section>\n\n\n<div style=\"height:100px\" aria-hidden=\"true\" class=\"wp-block-spacer\"><\/div>\n\n\n\n<p><\/p>","protected":false},"excerpt":{"rendered":"<p>NPG is the trade association for manufacturers and importers in tools and garden. We monitor the development of the industry, drive important future issues and strengthen the influence of our members. Through cooperation, networking and dialogue with authorities and other stakeholders, we drive issues related to safety, the environment and future regulations.<\/p>","protected":false},"author":1,"featured_media":0,"parent":0,"menu_order":0,"comment_status":"closed","ping_status":"closed","template":"","meta":{"footnotes":""},"class_list":["post-731714","page","type-page","status-publish","hentry"],"acf":[],"yoast_head":"<!-- This site is optimized with the Yoast SEO plugin v26.2 - https:\/\/yoast.com\/wordpress\/plugins\/seo\/ -->\n<title>Om NPG - NPG<\/title>\n<meta name=\"robots\" content=\"index, follow, max-snippet:-1, max-image-preview:large, max-video-preview:-1\" \/>\n<link rel=\"canonical\" href=\"https:\/\/potmaskin.se\/en\/om_leh\/\" \/>\n<meta property=\"og:locale\" content=\"en_US\" \/>\n<meta property=\"og:type\" content=\"article\" \/>\n<meta property=\"og:title\" content=\"Om NPG - NPG\" \/>\n<meta property=\"og:description\" content=\"NPG \u00e4r branschorganisationen f\u00f6r tillverkare och import\u00f6rer inom verktyg och tr\u00e4dg\u00e5rd Vi bevakar branchens utveckling, driver viktiga framtidsfr\u00e5gor och st\u00e4rker v\u00e5ra medlemmars inflytande. Genom samarbete, n\u00e4tverk och dialog med myndigheter och andra akt\u00f6rer driver vi fr\u00e5gor som r\u00f6r s\u00e4kerhet, milj\u00f6 och framtida regleringar.\" \/>\n<meta property=\"og:url\" content=\"https:\/\/potmaskin.se\/en\/om_leh\/\" \/>\n<meta property=\"og:site_name\" content=\"NPG\" \/>\n<meta property=\"article:modified_time\" content=\"2026-04-16T11:41:52+00:00\" \/>\n<meta name=\"twitter:card\" content=\"summary_large_image\" \/>\n<meta name=\"twitter:label1\" content=\"Est. reading time\" \/>\n\t<meta name=\"twitter:data1\" content=\"1 minute\" \/>\n<script type=\"application\/ld+json\" class=\"yoast-schema-graph\">{\"@context\":\"https:\/\/schema.org\",\"@graph\":[{\"@type\":\"WebPage\",\"@id\":\"https:\/\/potmaskin.se\/om_leh\/\",\"url\":\"https:\/\/potmaskin.se\/om_leh\/\",\"name\":\"Om NPG - NPG\",\"isPartOf\":{\"@id\":\"https:\/\/potmaskin.se\/#website\"},\"datePublished\":\"2024-08-28T08:50:59+00:00\",\"dateModified\":\"2026-04-16T11:41:52+00:00\",\"breadcrumb\":{\"@id\":\"https:\/\/potmaskin.se\/om_leh\/#breadcrumb\"},\"inLanguage\":\"en-US\",\"potentialAction\":[{\"@type\":\"ReadAction\",\"target\":[\"https:\/\/potmaskin.se\/om_leh\/\"]}]},{\"@type\":\"BreadcrumbList\",\"@id\":\"https:\/\/potmaskin.se\/om_leh\/#breadcrumb\",\"itemListElement\":[{\"@type\":\"ListItem\",\"position\":1,\"name\":\"Home\",\"item\":\"https:\/\/potmaskin.se\/\"},{\"@type\":\"ListItem\",\"position\":2,\"name\":\"Om NPG\"}]},{\"@type\":\"WebSite\",\"@id\":\"https:\/\/potmaskin.se\/#website\",\"url\":\"https:\/\/potmaskin.se\/\",\"name\":\"LEH\",\"description\":\"Branschorganisationen f\u00f6r tillverkare och import\u00f6rer inom verktyg och tr\u00e4dg\u00e5rd\",\"publisher\":{\"@id\":\"https:\/\/potmaskin.se\/#organization\"},\"potentialAction\":[{\"@type\":\"SearchAction\",\"target\":{\"@type\":\"EntryPoint\",\"urlTemplate\":\"https:\/\/potmaskin.se\/?s={search_term_string}\"},\"query-input\":{\"@type\":\"PropertyValueSpecification\",\"valueRequired\":true,\"valueName\":\"search_term_string\"}}],\"inLanguage\":\"en-US\"},{\"@type\":\"Organization\",\"@id\":\"https:\/\/potmaskin.se\/#organization\",\"name\":\"LEH\",\"url\":\"https:\/\/potmaskin.se\/\",\"logo\":{\"@type\":\"ImageObject\",\"inLanguage\":\"en-US\",\"@id\":\"https:\/\/potmaskin.se\/#\/schema\/logo\/image\/\",\"url\":\"https:\/\/potmaskin.se\/wp-content\/uploads\/2026\/01\/cropped-NPG-Logga-orginal_1.jpg\",\"contentUrl\":\"https:\/\/potmaskin.se\/wp-content\/uploads\/2026\/01\/cropped-NPG-Logga-orginal_1.jpg\",\"width\":500,\"height\":134,\"caption\":\"LEH\"},\"image\":{\"@id\":\"https:\/\/potmaskin.se\/#\/schema\/logo\/image\/\"}}]}<\/script>\n<!-- \/ Yoast SEO plugin. -->","yoast_head_json":{"title":"Om NPG - NPG","robots":{"index":"index","follow":"follow","max-snippet":"max-snippet:-1","max-image-preview":"max-image-preview:large","max-video-preview":"max-video-preview:-1"},"canonical":"https:\/\/potmaskin.se\/en\/om_leh\/","og_locale":"en_US","og_type":"article","og_title":"Om NPG - NPG","og_description":"NPG \u00e4r branschorganisationen f\u00f6r tillverkare och import\u00f6rer inom verktyg och tr\u00e4dg\u00e5rd Vi bevakar branchens utveckling, driver viktiga framtidsfr\u00e5gor och st\u00e4rker v\u00e5ra medlemmars inflytande. Genom samarbete, n\u00e4tverk och dialog med myndigheter och andra akt\u00f6rer driver vi fr\u00e5gor som r\u00f6r s\u00e4kerhet, milj\u00f6 och framtida regleringar.","og_url":"https:\/\/potmaskin.se\/en\/om_leh\/","og_site_name":"NPG","article_modified_time":"2026-04-16T11:41:52+00:00","twitter_card":"summary_large_image","twitter_misc":{"Est. reading time":"1 minute"},"schema":{"@context":"https:\/\/schema.org","@graph":[{"@type":"WebPage","@id":"https:\/\/potmaskin.se\/om_leh\/","url":"https:\/\/potmaskin.se\/om_leh\/","name":"Om NPG - NPG","isPartOf":{"@id":"https:\/\/potmaskin.se\/#website"},"datePublished":"2024-08-28T08:50:59+00:00","dateModified":"2026-04-16T11:41:52+00:00","breadcrumb":{"@id":"https:\/\/potmaskin.se\/om_leh\/#breadcrumb"},"inLanguage":"en-US","potentialAction":[{"@type":"ReadAction","target":["https:\/\/potmaskin.se\/om_leh\/"]}]},{"@type":"BreadcrumbList","@id":"https:\/\/potmaskin.se\/om_leh\/#breadcrumb","itemListElement":[{"@type":"ListItem","position":1,"name":"Home","item":"https:\/\/potmaskin.se\/"},{"@type":"ListItem","position":2,"name":"Om NPG"}]},{"@type":"WebSite","@id":"https:\/\/potmaskin.se\/#website","url":"https:\/\/potmaskin.se\/","name":"LEH","description":"The trade association for manufacturers and importers of tools and garden equipment","publisher":{"@id":"https:\/\/potmaskin.se\/#organization"},"potentialAction":[{"@type":"SearchAction","target":{"@type":"EntryPoint","urlTemplate":"https:\/\/potmaskin.se\/?s={search_term_string}"},"query-input":{"@type":"PropertyValueSpecification","valueRequired":true,"valueName":"search_term_string"}}],"inLanguage":"en-US"},{"@type":"Organization","@id":"https:\/\/potmaskin.se\/#organization","name":"LEH","url":"https:\/\/potmaskin.se\/","logo":{"@type":"ImageObject","inLanguage":"en-US","@id":"https:\/\/potmaskin.se\/#\/schema\/logo\/image\/","url":"https:\/\/potmaskin.se\/wp-content\/uploads\/2026\/01\/cropped-NPG-Logga-orginal_1.jpg","contentUrl":"https:\/\/potmaskin.se\/wp-content\/uploads\/2026\/01\/cropped-NPG-Logga-orginal_1.jpg","width":500,"height":134,"caption":"LEH"},"image":{"@id":"https:\/\/potmaskin.se\/#\/schema\/logo\/image\/"}}]}},"_links":{"self":[{"href":"https:\/\/potmaskin.se\/en\/wp-json\/wp\/v2\/pages\/731714","targetHints":{"allow":["GET"]}}],"collection":[{"href":"https:\/\/potmaskin.se\/en\/wp-json\/wp\/v2\/pages"}],"about":[{"href":"https:\/\/potmaskin.se\/en\/wp-json\/wp\/v2\/types\/page"}],"author":[{"embeddable":true,"href":"https:\/\/potmaskin.se\/en\/wp-json\/wp\/v2\/users\/1"}],"replies":[{"embeddable":true,"href":"https:\/\/potmaskin.se\/en\/wp-json\/wp\/v2\/comments?post=731714"}],"version-history":[{"count":31,"href":"https:\/\/potmaskin.se\/en\/wp-json\/wp\/v2\/pages\/731714\/revisions"}],"predecessor-version":[{"id":732432,"href":"https:\/\/potmaskin.se\/en\/wp-json\/wp\/v2\/pages\/731714\/revisions\/732432"}],"wp:attachment":[{"href":"https:\/\/potmaskin.se\/en\/wp-json\/wp\/v2\/media?parent=731714"}],"curies":[{"name":"wp","href":"https:\/\/api.w.org\/{rel}","templated":true}]}}