{"id":731756,"date":"2024-10-02T08:24:19","date_gmt":"2024-10-02T08:24:19","guid":{"rendered":"https:\/\/leh.acrowd.se\/?page_id=731756"},"modified":"2026-01-14T18:30:53","modified_gmt":"2026-01-14T18:30:53","slug":"code-of-conduct","status":"publish","type":"page","link":"https:\/\/potmaskin.se\/en\/code-of-conduct\/","title":{"rendered":"Code of conduct"},"content":{"rendered":"<div style=\"height:80px\" aria-hidden=\"true\" class=\"wp-block-spacer\"><\/div>\n\n\n\n<h1 class=\"wp-block-heading\"><strong>Code of Conduct<\/strong><\/h1>\n\n\n\n<p>Adopted 2025-10-23<\/p>\n\n\n\n<p>For NPG it is important that the activities within the association are conducted in a way that clearly remains within the framework of competition law. The purpose of competition law is to stimulate free competition, which NPG fully supports. NPG has therefore in October 2025<br>has adopted the following code of conduct, previously the code of conduct adopted by Teknikf\u00f6retagens Branschgrupper AB has been followed.<\/p>\n\n\n\n<p>NPG shall observe the code and ensure that it is followed by members affiliated with NPG within the association&#039;s activities.<\/p>\n\n\n\n<p>The Code of Conduct aims to provide clear rules for NPG and its members. Violations of the Code may result in NPG terminating the cooperation with the member concerned with immediate effect. Another consequence is that NPG and its member companies, at the initiative of the Swedish Competition Authority, may be ordered by the court to pay a so-called competition fine. Such a fine may amount to exceptionally high amounts.<\/p>\n\n\n\n<p><strong>The following rules must always be observed within NPG within the association&#039;s activities:<\/strong><\/p>\n\n\n\n<h2 class=\"wp-block-heading\"><strong>Basic working method<\/strong><\/h2>\n\n\n\n<ul class=\"wp-block-list\">\n<li>Meetings with boards, committees, working groups and other collaborative bodies may only take place after the participants have been invited in writing. An email also counts as a written invitation. The invitation to the meeting must include an agenda.<\/li>\n\n\n\n<li>Minutes shall be taken of each meeting referred to in paragraph 1 above. The minutes shall be sent to all members of the forum concerned. They shall be kept in an organised manner for at least 10 years.<\/li>\n\n\n\n<li>Consultations and discussions within a board, committee, working group or other collaborative body shall, if the topics are market-related, be limited to the official meeting at which minutes are kept.<\/li>\n\n\n\n<li>During consultations, as referred to in paragraph 3 above, the participants may not agree that a particular topic will be discussed during the meeting without minutes being taken. In such cases, the chairman of the meeting shall stop further discussion.<\/li>\n\n\n\n<li>At every meeting of a board, committee, working group or other collaborative body during which market-related topics are discussed, at least one representative\/official from NPG shall participate. This representative\/official shall be alert to topics that are sensitive from the point of view of competition law. If there is any doubt, the topic may not be discussed until an expert in competition law has been consulted and his\/her advice indicates that the topic can be discussed without problems or that the framework for the discussion has been clarified.<\/li>\n<\/ul>\n\n\n\n<h2 class=\"wp-block-heading\"><strong>A. Prohibited substances<\/strong><\/h2>\n\n\n\n<p>The following topics are prohibited at meetings of boards, committees, working groups and other collaborative bodies affiliated with NPG, especially if information exchange on these topics takes place between companies that are competitors:<\/p>\n\n\n\n<ul class=\"wp-block-list\">\n<li>Sales prices, tariffs, (planned) price adjustments, recommended prices, discounts, price increases and other price-related topics regarding the products or services of the member companies;<\/li>\n\n\n\n<li>Market segmentation, for example by allocating a specific geographical area, specific customers or specific groups of customers to specific member companies;<\/li>\n\n\n\n<li>Restrictions on production or sales;<\/li>\n\n\n\n<li>Consultation in advance regarding responses to requests for quotations from potential customers.<\/li>\n\n\n\n<li>Exchange of market information concerning individual member companies, i.e. information on production, turnover, sales, investments, divestments, R&amp;D costs and other information insofar as it is related to specific products or services or categories thereof and may be considered commercially sensitive;<\/li>\n\n\n\n<li>Publication of average prices or price ranges within the industry;<\/li>\n\n\n\n<li>Exclusivity for specific member companies to represent producers and importers;<\/li>\n\n\n\n<li>Boycott of specific suppliers or customers;<\/li>\n\n\n\n<li>Other topics that may lead to anti-competitive coordination of the market behavior of member companies;<\/li>\n\n\n\n<li>Prior consultation between competitors regarding responses to requests for tenders, whether from a public or private buyer;<\/li>\n\n\n\n<li>Agreements between all competitors to add a fee to the bids to compensate the companies that do not win the bidding competition for their bidding costs.<\/li>\n<\/ul>\n\n\n\n<h2 class=\"wp-block-heading\"><strong>B. Substances that may pose a problem<\/strong><\/h2>\n\n\n\n<p>The following topics may, under certain circumstances, pose a competition law problem, particularly in a highly concentrated, oligopolistic market, i.e. a market with few players. The topics may therefore only be discussed after consultation with a competition law expert:<\/p>\n\n\n\n<ul class=\"wp-block-list\">\n<li>General delivery provisions. If the provisions relate to sensitive competition parameters such as prices, tariffs, methods of indexing, charges for specific costs, or if the use of the provisions is mandatory, the competition authorities may object;<\/li>\n\n\n\n<li>Restrictions on participation in trade fairs. In general, all companies should be free to participate in any trade fairs they wish and companies may not be asked to boycott trade fairs. Restrictions on the freedom to participate are only permitted under specific conditions. The fact that member companies negotiate jointly to obtain better prices or other conditions from a trade fair organisation does not constitute a competition law problem;<\/li>\n\n\n\n<li>Special requirements for membership in a trade association. As long as the supplier&#039;s membership does not play a decisive role for potential customers in their choice of products and services, it is unobjectionable under competition law. However, as soon as customers consider such membership to be significant, the requirements for membership in the trade association must meet objective criteria;<\/li>\n\n\n\n<li>It is in principle permissible for the NPG to collect commercial information about individual companies and make this information available to member companies in aggregated form. Under no circumstances should it be possible to extract information about individual companies from the aggregated information. The national competition authorities in some EU countries only allow such statistical systems if the information collected is sufficiently old, e.g. includes data that is at least one year old, and\/or if the information has been made publicly available.<\/li>\n<\/ul>\n\n\n\n<h2 class=\"wp-block-heading\"><strong>C. Substances that do not pose a problem<\/strong><\/h2>\n\n\n\n<p>The following topics are largely core business for NPG. Discussions and consultations on these topics do not normally pose any problems under competition law, provided that topics listed under point A. above are not affected:<\/p>\n\n\n\n<ul class=\"wp-block-list\">\n<li>General cyclical economic data and business climate data, provided that discussions on these topics do not relate to the actions of any individual company. Discussions on these topics focus on the macro level and do not affect the market behavior of individual companies.<\/li>\n\n\n\n<li>Lobbying activities relating to common interests within the industry and which concentrate on legislation and other general issues that may affect the industry;<\/li>\n\n\n\n<li>Labor law and social issues. These issues are not affected by competition law.<\/li>\n\n\n\n<li>Legal issues. These issues are by definition of a general nature, as they affect all companies&#039; business to the same extent;<\/li>\n\n\n\n<li>Standardization issues, if (I) the standardization process is transparent and open to all parties who wish to participate, (II) there is no compulsion to comply with the standard, (III) access to the standard is provided on fair, reasonable and non-discriminatory terms and conditions and (IV) discussions in connection with the standardization process are limited to technical aspects. Standardization aims at product compatibility and technological development which will normally be to the benefit of the end user;<\/li>\n\n\n\n<li>Safety and health issues. NPG has an interest in promoting safety and health with respect to the industry&#039;s products;<\/li>\n\n\n\n<li>Environmental issues. NPG has an interest in promoting environmental considerations in the use of the industry&#039;s products.<\/li>\n<\/ul>\n\n\n\n<h2 class=\"wp-block-heading\"><strong>Application of the Code and Rules of Conduct<\/strong><\/h2>\n\n\n\n<p>Doubts may sometimes arise as to whether a procedure, particularly those referred to under b) above, is compatible with the Competition Act&#039;s prohibition of anti-competitive agreements and concerted practices. The question that should then be asked is what purpose the act has and what effects it has. The procedure is prohibited if the purpose is anti-competitive. The same applies if the effect of the procedure is anti-competitive even if the procedure does not have that purpose. An anti-competitive effect exists if the independent conduct of the undertakings concerned on the market is jeopardised.<\/p>\n\n\n\n<p>If it is not obvious, based on the above criteria, that the procedure is legal, the person responsible for the activity should stop the ongoing activity and seek advice from competition law experts.<\/p>\n\n\n\n<div style=\"height:80px\" aria-hidden=\"true\" class=\"wp-block-spacer\"><\/div>","protected":false},"excerpt":{"rendered":"<p>Code of Conduct Adopted 2025-10-23 For NPG, it is important that the activities within the association are conducted in a way that clearly remains within the framework of competition law. The purpose of competition law is to stimulate free competition, which has NPG&#039;s full support. NPG has therefore adopted the following code of conduct in October 2025, previously the code of conduct adopted by Teknikf\u00f6retagens Branschgrupper AB has been followed. NPG [\u2026]<\/p>","protected":false},"author":1,"featured_media":0,"parent":0,"menu_order":0,"comment_status":"closed","ping_status":"closed","template":"","meta":{"footnotes":""},"class_list":["post-731756","page","type-page","status-publish","hentry"],"acf":[],"yoast_head":"<!-- This site is optimized with the Yoast SEO plugin v26.2 - https:\/\/yoast.com\/wordpress\/plugins\/seo\/ -->\n<title>Code of conduct - NPG<\/title>\n<meta name=\"robots\" content=\"index, follow, max-snippet:-1, max-image-preview:large, max-video-preview:-1\" \/>\n<link rel=\"canonical\" href=\"https:\/\/potmaskin.se\/en\/code-of-conduct\/\" \/>\n<meta property=\"og:locale\" content=\"en_US\" \/>\n<meta property=\"og:type\" content=\"article\" \/>\n<meta property=\"og:title\" content=\"Code of conduct - NPG\" \/>\n<meta property=\"og:description\" content=\"Uppf\u00f6randekod Antagen 2025-10-23 F\u00f6r NPG \u00e4r det viktigt att verksamheten inom f\u00f6reningen bedrivs p\u00e5 ett s\u00e4tt som tydligt h\u00e5ller sig inom konkurrensr\u00e4ttens ramar. Konkurrensr\u00e4ttens syfte \u00e4r att stimulera fri konkurrens vilket har NPG:s fulla st\u00f6d. NPG har d\u00e4rf\u00f6r i oktober 2025antagit nedanst\u00e5ende uppf\u00f6randekod, tidigare har man f\u00f6ljt den av Teknikf\u00f6retagens Branschgrupper AB antagna uppf\u00f6randekoden. NPG [&hellip;]\" \/>\n<meta property=\"og:url\" content=\"https:\/\/potmaskin.se\/en\/code-of-conduct\/\" \/>\n<meta property=\"og:site_name\" content=\"NPG\" \/>\n<meta property=\"article:modified_time\" content=\"2026-01-14T18:30:53+00:00\" \/>\n<meta name=\"twitter:card\" content=\"summary_large_image\" \/>\n<meta name=\"twitter:label1\" content=\"Est. reading time\" \/>\n\t<meta name=\"twitter:data1\" content=\"6 minutes\" \/>\n<script type=\"application\/ld+json\" class=\"yoast-schema-graph\">{\"@context\":\"https:\/\/schema.org\",\"@graph\":[{\"@type\":\"WebPage\",\"@id\":\"https:\/\/potmaskin.se\/code-of-conduct\/\",\"url\":\"https:\/\/potmaskin.se\/code-of-conduct\/\",\"name\":\"Code of conduct - NPG\",\"isPartOf\":{\"@id\":\"https:\/\/potmaskin.se\/#website\"},\"datePublished\":\"2024-10-02T08:24:19+00:00\",\"dateModified\":\"2026-01-14T18:30:53+00:00\",\"breadcrumb\":{\"@id\":\"https:\/\/potmaskin.se\/code-of-conduct\/#breadcrumb\"},\"inLanguage\":\"en-US\",\"potentialAction\":[{\"@type\":\"ReadAction\",\"target\":[\"https:\/\/potmaskin.se\/code-of-conduct\/\"]}]},{\"@type\":\"BreadcrumbList\",\"@id\":\"https:\/\/potmaskin.se\/code-of-conduct\/#breadcrumb\",\"itemListElement\":[{\"@type\":\"ListItem\",\"position\":1,\"name\":\"Home\",\"item\":\"https:\/\/potmaskin.se\/\"},{\"@type\":\"ListItem\",\"position\":2,\"name\":\"Code of conduct\"}]},{\"@type\":\"WebSite\",\"@id\":\"https:\/\/potmaskin.se\/#website\",\"url\":\"https:\/\/potmaskin.se\/\",\"name\":\"LEH\",\"description\":\"Branschorganisationen f\u00f6r tillverkare och import\u00f6rer inom verktyg och tr\u00e4dg\u00e5rd\",\"publisher\":{\"@id\":\"https:\/\/potmaskin.se\/#organization\"},\"potentialAction\":[{\"@type\":\"SearchAction\",\"target\":{\"@type\":\"EntryPoint\",\"urlTemplate\":\"https:\/\/potmaskin.se\/?s={search_term_string}\"},\"query-input\":{\"@type\":\"PropertyValueSpecification\",\"valueRequired\":true,\"valueName\":\"search_term_string\"}}],\"inLanguage\":\"en-US\"},{\"@type\":\"Organization\",\"@id\":\"https:\/\/potmaskin.se\/#organization\",\"name\":\"LEH\",\"url\":\"https:\/\/potmaskin.se\/\",\"logo\":{\"@type\":\"ImageObject\",\"inLanguage\":\"en-US\",\"@id\":\"https:\/\/potmaskin.se\/#\/schema\/logo\/image\/\",\"url\":\"https:\/\/potmaskin.se\/wp-content\/uploads\/2026\/01\/cropped-NPG-Logga-orginal_1.jpg\",\"contentUrl\":\"https:\/\/potmaskin.se\/wp-content\/uploads\/2026\/01\/cropped-NPG-Logga-orginal_1.jpg\",\"width\":500,\"height\":134,\"caption\":\"LEH\"},\"image\":{\"@id\":\"https:\/\/potmaskin.se\/#\/schema\/logo\/image\/\"}}]}<\/script>\n<!-- \/ Yoast SEO plugin. -->","yoast_head_json":{"title":"Code of conduct - NPG","robots":{"index":"index","follow":"follow","max-snippet":"max-snippet:-1","max-image-preview":"max-image-preview:large","max-video-preview":"max-video-preview:-1"},"canonical":"https:\/\/potmaskin.se\/en\/code-of-conduct\/","og_locale":"en_US","og_type":"article","og_title":"Code of conduct - NPG","og_description":"Uppf\u00f6randekod Antagen 2025-10-23 F\u00f6r NPG \u00e4r det viktigt att verksamheten inom f\u00f6reningen bedrivs p\u00e5 ett s\u00e4tt som tydligt h\u00e5ller sig inom konkurrensr\u00e4ttens ramar. Konkurrensr\u00e4ttens syfte \u00e4r att stimulera fri konkurrens vilket har NPG:s fulla st\u00f6d. NPG har d\u00e4rf\u00f6r i oktober 2025antagit nedanst\u00e5ende uppf\u00f6randekod, tidigare har man f\u00f6ljt den av Teknikf\u00f6retagens Branschgrupper AB antagna uppf\u00f6randekoden. NPG [&hellip;]","og_url":"https:\/\/potmaskin.se\/en\/code-of-conduct\/","og_site_name":"NPG","article_modified_time":"2026-01-14T18:30:53+00:00","twitter_card":"summary_large_image","twitter_misc":{"Est. reading time":"6 minutes"},"schema":{"@context":"https:\/\/schema.org","@graph":[{"@type":"WebPage","@id":"https:\/\/potmaskin.se\/code-of-conduct\/","url":"https:\/\/potmaskin.se\/code-of-conduct\/","name":"Code of conduct - NPG","isPartOf":{"@id":"https:\/\/potmaskin.se\/#website"},"datePublished":"2024-10-02T08:24:19+00:00","dateModified":"2026-01-14T18:30:53+00:00","breadcrumb":{"@id":"https:\/\/potmaskin.se\/code-of-conduct\/#breadcrumb"},"inLanguage":"en-US","potentialAction":[{"@type":"ReadAction","target":["https:\/\/potmaskin.se\/code-of-conduct\/"]}]},{"@type":"BreadcrumbList","@id":"https:\/\/potmaskin.se\/code-of-conduct\/#breadcrumb","itemListElement":[{"@type":"ListItem","position":1,"name":"Home","item":"https:\/\/potmaskin.se\/"},{"@type":"ListItem","position":2,"name":"Code of conduct"}]},{"@type":"WebSite","@id":"https:\/\/potmaskin.se\/#website","url":"https:\/\/potmaskin.se\/","name":"LEH","description":"The trade association for manufacturers and importers of tools and garden equipment","publisher":{"@id":"https:\/\/potmaskin.se\/#organization"},"potentialAction":[{"@type":"SearchAction","target":{"@type":"EntryPoint","urlTemplate":"https:\/\/potmaskin.se\/?s={search_term_string}"},"query-input":{"@type":"PropertyValueSpecification","valueRequired":true,"valueName":"search_term_string"}}],"inLanguage":"en-US"},{"@type":"Organization","@id":"https:\/\/potmaskin.se\/#organization","name":"LEH","url":"https:\/\/potmaskin.se\/","logo":{"@type":"ImageObject","inLanguage":"en-US","@id":"https:\/\/potmaskin.se\/#\/schema\/logo\/image\/","url":"https:\/\/potmaskin.se\/wp-content\/uploads\/2026\/01\/cropped-NPG-Logga-orginal_1.jpg","contentUrl":"https:\/\/potmaskin.se\/wp-content\/uploads\/2026\/01\/cropped-NPG-Logga-orginal_1.jpg","width":500,"height":134,"caption":"LEH"},"image":{"@id":"https:\/\/potmaskin.se\/#\/schema\/logo\/image\/"}}]}},"_links":{"self":[{"href":"https:\/\/potmaskin.se\/en\/wp-json\/wp\/v2\/pages\/731756","targetHints":{"allow":["GET"]}}],"collection":[{"href":"https:\/\/potmaskin.se\/en\/wp-json\/wp\/v2\/pages"}],"about":[{"href":"https:\/\/potmaskin.se\/en\/wp-json\/wp\/v2\/types\/page"}],"author":[{"embeddable":true,"href":"https:\/\/potmaskin.se\/en\/wp-json\/wp\/v2\/users\/1"}],"replies":[{"embeddable":true,"href":"https:\/\/potmaskin.se\/en\/wp-json\/wp\/v2\/comments?post=731756"}],"version-history":[{"count":2,"href":"https:\/\/potmaskin.se\/en\/wp-json\/wp\/v2\/pages\/731756\/revisions"}],"predecessor-version":[{"id":732255,"href":"https:\/\/potmaskin.se\/en\/wp-json\/wp\/v2\/pages\/731756\/revisions\/732255"}],"wp:attachment":[{"href":"https:\/\/potmaskin.se\/en\/wp-json\/wp\/v2\/media?parent=731756"}],"curies":[{"name":"wp","href":"https:\/\/api.w.org\/{rel}","templated":true}]}}