{"id":731897,"date":"2024-10-03T10:09:00","date_gmt":"2024-10-03T10:09:00","guid":{"rendered":"https:\/\/leh.acrowd.se\/?page_id=731897"},"modified":"2026-01-13T10:36:39","modified_gmt":"2026-01-13T10:36:39","slug":"styrelsen","status":"publish","type":"page","link":"https:\/\/potmaskin.se\/en\/styrelsen\/","title":{"rendered":"Board of Directors"},"content":{"rendered":"<div style=\"height:100px\" aria-hidden=\"true\" class=\"wp-block-spacer\"><\/div>\n\n\n\n<h1 class=\"wp-block-heading alignwide\">NPG Board of Directors<\/h1>\n\n\n\n<div style=\"height:60px\" aria-hidden=\"true\" class=\"wp-block-spacer\"><\/div>\n\n\n<section  class=\"tebab-block-person_grid alignwide layout-small\">\n    <div class=\"contained\">\n        <div class=\"grid\">\n            <div class=\"person-card\">\n    \n            <div class=\"featured_image\">\n            <img loading=\"lazy\" decoding=\"async\" width=\"150\" height=\"150\" src=\"https:\/\/potmaskin.se\/wp-content\/uploads\/2024\/10\/1517377859692-150x150.jpeg\" class=\"attachment-thumbnail size-thumbnail\" alt=\"\" srcset=\"https:\/\/potmaskin.se\/wp-content\/uploads\/2024\/10\/1517377859692-150x150.jpeg 150w, https:\/\/potmaskin.se\/wp-content\/uploads\/2024\/10\/1517377859692.jpeg 299w\" sizes=\"auto, (max-width: 150px) 100vw, 150px\" \/>        <\/div>\n    \n    <div class=\"content-wrapper\">\n        <div class=\"top\">\n                            <div class=\"title\">\n                    Kyocera Senco Sweden AB                <\/div>\n                    <\/div>\n        \n        <h3>Ola Eriksson<\/h3>\n\n                    <div class=\"excerpt\">\n                President            <\/div>\n        \n        <div class=\"links\">\n            \n                    <\/div>\n        \n    <\/div>\n<\/div><div class=\"person-card\">\n    \n            <div class=\"featured_image\">\n            <img loading=\"lazy\" decoding=\"async\" width=\"150\" height=\"150\" src=\"https:\/\/potmaskin.se\/wp-content\/uploads\/2024\/10\/siluette-150x150.jpg\" class=\"attachment-thumbnail size-thumbnail\" alt=\"\" srcset=\"https:\/\/potmaskin.se\/wp-content\/uploads\/2024\/10\/siluette-150x150.jpg 150w, https:\/\/potmaskin.se\/wp-content\/uploads\/2024\/10\/siluette-300x300.jpg 300w, https:\/\/potmaskin.se\/wp-content\/uploads\/2024\/10\/siluette-1024x1024.jpg 1024w, https:\/\/potmaskin.se\/wp-content\/uploads\/2024\/10\/siluette-768x768.jpg 768w, https:\/\/potmaskin.se\/wp-content\/uploads\/2024\/10\/siluette.jpg 1080w\" sizes=\"auto, (max-width: 150px) 100vw, 150px\" \/>        <\/div>\n    \n    <div class=\"content-wrapper\">\n        <div class=\"top\">\n                            <div class=\"title\">\n                    Honda                <\/div>\n                    <\/div>\n        \n        <h3>Nikola Vidas<\/h3>\n\n        \n        <div class=\"links\">\n            \n                    <\/div>\n        \n    <\/div>\n<\/div><div class=\"person-card\">\n    \n            <div class=\"featured_image\">\n            <img loading=\"lazy\" decoding=\"async\" width=\"150\" height=\"150\" src=\"https:\/\/potmaskin.se\/wp-content\/uploads\/2024\/10\/siluette-150x150.jpg\" class=\"attachment-thumbnail size-thumbnail\" alt=\"\" srcset=\"https:\/\/potmaskin.se\/wp-content\/uploads\/2024\/10\/siluette-150x150.jpg 150w, https:\/\/potmaskin.se\/wp-content\/uploads\/2024\/10\/siluette-300x300.jpg 300w, https:\/\/potmaskin.se\/wp-content\/uploads\/2024\/10\/siluette-1024x1024.jpg 1024w, https:\/\/potmaskin.se\/wp-content\/uploads\/2024\/10\/siluette-768x768.jpg 768w, https:\/\/potmaskin.se\/wp-content\/uploads\/2024\/10\/siluette.jpg 1080w\" sizes=\"auto, (max-width: 150px) 100vw, 150px\" \/>        <\/div>\n    \n    <div class=\"content-wrapper\">\n        <div class=\"top\">\n                            <div class=\"title\">\n                    ALCO                <\/div>\n                    <\/div>\n        \n        <h3>Tobias Johannesson<\/h3>\n\n        \n        <div class=\"links\">\n            \n                    <\/div>\n        \n    <\/div>\n<\/div><div class=\"person-card\">\n    \n            <div class=\"featured_image\">\n            <img loading=\"lazy\" decoding=\"async\" width=\"150\" height=\"150\" src=\"https:\/\/potmaskin.se\/wp-content\/uploads\/2024\/10\/1710701076304-150x150.jpeg\" class=\"attachment-thumbnail size-thumbnail\" alt=\"\" srcset=\"https:\/\/potmaskin.se\/wp-content\/uploads\/2024\/10\/1710701076304-150x150.jpeg 150w, https:\/\/potmaskin.se\/wp-content\/uploads\/2024\/10\/1710701076304-300x300.jpeg 300w, https:\/\/potmaskin.se\/wp-content\/uploads\/2024\/10\/1710701076304-768x768.jpeg 768w, https:\/\/potmaskin.se\/wp-content\/uploads\/2024\/10\/1710701076304.jpeg 800w\" sizes=\"auto, (max-width: 150px) 100vw, 150px\" \/>        <\/div>\n    \n    <div class=\"content-wrapper\">\n        <div class=\"top\">\n                            <div class=\"title\">\n                    Robert Bosch GmbH                <\/div>\n                    <\/div>\n        \n        <h3>Patrik Olmeborg<\/h3>\n\n        \n        <div class=\"links\">\n            \n                    <\/div>\n        \n    <\/div>\n<\/div><div class=\"person-card\">\n    \n            <div class=\"featured_image\">\n            <img loading=\"lazy\" decoding=\"async\" width=\"150\" height=\"150\" src=\"https:\/\/potmaskin.se\/wp-content\/uploads\/2024\/10\/1725430544717-150x150.jpeg\" class=\"attachment-thumbnail size-thumbnail\" alt=\"\" srcset=\"https:\/\/potmaskin.se\/wp-content\/uploads\/2024\/10\/1725430544717-150x150.jpeg 150w, https:\/\/potmaskin.se\/wp-content\/uploads\/2024\/10\/1725430544717-300x300.jpeg 300w, https:\/\/potmaskin.se\/wp-content\/uploads\/2024\/10\/1725430544717.jpeg 587w\" sizes=\"auto, (max-width: 150px) 100vw, 150px\" \/>        <\/div>\n    \n    <div class=\"content-wrapper\">\n        <div class=\"top\">\n                            <div class=\"title\">\n                    Makita AB                <\/div>\n                    <\/div>\n        \n        <h3>Richo Kohl Jacobsen<\/h3>\n\n        \n        <div class=\"links\">\n            \n                    <\/div>\n        \n    <\/div>\n<\/div><div class=\"person-card\">\n    \n            <div class=\"featured_image\">\n            <img loading=\"lazy\" decoding=\"async\" width=\"150\" height=\"150\" src=\"https:\/\/potmaskin.se\/wp-content\/uploads\/2024\/10\/siluette-150x150.jpg\" class=\"attachment-thumbnail size-thumbnail\" alt=\"\" srcset=\"https:\/\/potmaskin.se\/wp-content\/uploads\/2024\/10\/siluette-150x150.jpg 150w, https:\/\/potmaskin.se\/wp-content\/uploads\/2024\/10\/siluette-300x300.jpg 300w, https:\/\/potmaskin.se\/wp-content\/uploads\/2024\/10\/siluette-1024x1024.jpg 1024w, https:\/\/potmaskin.se\/wp-content\/uploads\/2024\/10\/siluette-768x768.jpg 768w, https:\/\/potmaskin.se\/wp-content\/uploads\/2024\/10\/siluette.jpg 1080w\" sizes=\"auto, (max-width: 150px) 100vw, 150px\" \/>        <\/div>\n    \n    <div class=\"content-wrapper\">\n        <div class=\"top\">\n                            <div class=\"title\">\n                    Festool Sweden AB                <\/div>\n                    <\/div>\n        \n        <h3>Carl Wallin<\/h3>\n\n        \n        <div class=\"links\">\n            \n                    <\/div>\n        \n    <\/div>\n<\/div><div class=\"person-card\">\n    \n            <div class=\"featured_image\">\n            <img loading=\"lazy\" decoding=\"async\" width=\"150\" height=\"150\" src=\"https:\/\/potmaskin.se\/wp-content\/uploads\/2024\/10\/siluette-150x150.jpg\" class=\"attachment-thumbnail size-thumbnail\" alt=\"\" srcset=\"https:\/\/potmaskin.se\/wp-content\/uploads\/2024\/10\/siluette-150x150.jpg 150w, https:\/\/potmaskin.se\/wp-content\/uploads\/2024\/10\/siluette-300x300.jpg 300w, https:\/\/potmaskin.se\/wp-content\/uploads\/2024\/10\/siluette-1024x1024.jpg 1024w, https:\/\/potmaskin.se\/wp-content\/uploads\/2024\/10\/siluette-768x768.jpg 768w, https:\/\/potmaskin.se\/wp-content\/uploads\/2024\/10\/siluette.jpg 1080w\" sizes=\"auto, (max-width: 150px) 100vw, 150px\" \/>        <\/div>\n    \n    <div class=\"content-wrapper\">\n        <div class=\"top\">\n                            <div class=\"title\">\n                    TTI                <\/div>\n                    <\/div>\n        \n        <h3>Gustav Olsson<\/h3>\n\n        \n        <div class=\"links\">\n            \n                    <\/div>\n        \n    <\/div>\n<\/div><div class=\"person-card\">\n    \n            <div class=\"featured_image\">\n            <img loading=\"lazy\" decoding=\"async\" width=\"150\" height=\"150\" src=\"https:\/\/potmaskin.se\/wp-content\/uploads\/2024\/10\/1517244030125-150x150.jpeg\" class=\"attachment-thumbnail size-thumbnail\" alt=\"\" srcset=\"https:\/\/potmaskin.se\/wp-content\/uploads\/2024\/10\/1517244030125-150x150.jpeg 150w, https:\/\/potmaskin.se\/wp-content\/uploads\/2024\/10\/1517244030125-300x300.jpeg 300w, https:\/\/potmaskin.se\/wp-content\/uploads\/2024\/10\/1517244030125.jpeg 350w\" sizes=\"auto, (max-width: 150px) 100vw, 150px\" \/>        <\/div>\n    \n    <div class=\"content-wrapper\">\n        <div class=\"top\">\n                            <div class=\"title\">\n                    Stanley Black &amp; Decker                <\/div>\n                    <\/div>\n        \n        <h3>Ole Christian Bye<\/h3>\n\n        \n        <div class=\"links\">\n            \n                    <\/div>\n        \n    <\/div>\n<\/div>        <\/div>\n    <\/div>\n<\/section>\n\n\n<div style=\"height:100px\" aria-hidden=\"true\" class=\"wp-block-spacer\"><\/div>\n\n\n\n<p><\/p>","protected":false},"excerpt":{"rendered":"<p>NPG Board of Directors<\/p>","protected":false},"author":1,"featured_media":0,"parent":0,"menu_order":0,"comment_status":"closed","ping_status":"closed","template":"","meta":{"footnotes":""},"class_list":["post-731897","page","type-page","status-publish","hentry"],"acf":[],"yoast_head":"<!-- This site is optimized with the Yoast SEO plugin v26.2 - https:\/\/yoast.com\/wordpress\/plugins\/seo\/ -->\n<title>Styrelsen - NPG<\/title>\n<meta name=\"robots\" content=\"index, follow, max-snippet:-1, max-image-preview:large, max-video-preview:-1\" \/>\n<link rel=\"canonical\" href=\"https:\/\/potmaskin.se\/en\/styrelsen\/\" \/>\n<meta property=\"og:locale\" content=\"en_US\" \/>\n<meta property=\"og:type\" content=\"article\" \/>\n<meta property=\"og:title\" content=\"Styrelsen - NPG\" \/>\n<meta property=\"og:description\" content=\"NPGs Styrelse\" \/>\n<meta property=\"og:url\" content=\"https:\/\/potmaskin.se\/en\/styrelsen\/\" \/>\n<meta property=\"og:site_name\" content=\"NPG\" \/>\n<meta property=\"article:modified_time\" content=\"2026-01-13T10:36:39+00:00\" \/>\n<meta name=\"twitter:card\" content=\"summary_large_image\" \/>\n<script type=\"application\/ld+json\" class=\"yoast-schema-graph\">{\"@context\":\"https:\/\/schema.org\",\"@graph\":[{\"@type\":\"WebPage\",\"@id\":\"https:\/\/potmaskin.se\/styrelsen\/\",\"url\":\"https:\/\/potmaskin.se\/styrelsen\/\",\"name\":\"Styrelsen - NPG\",\"isPartOf\":{\"@id\":\"https:\/\/potmaskin.se\/#website\"},\"datePublished\":\"2024-10-03T10:09:00+00:00\",\"dateModified\":\"2026-01-13T10:36:39+00:00\",\"breadcrumb\":{\"@id\":\"https:\/\/potmaskin.se\/styrelsen\/#breadcrumb\"},\"inLanguage\":\"en-US\",\"potentialAction\":[{\"@type\":\"ReadAction\",\"target\":[\"https:\/\/potmaskin.se\/styrelsen\/\"]}]},{\"@type\":\"BreadcrumbList\",\"@id\":\"https:\/\/potmaskin.se\/styrelsen\/#breadcrumb\",\"itemListElement\":[{\"@type\":\"ListItem\",\"position\":1,\"name\":\"Home\",\"item\":\"https:\/\/potmaskin.se\/\"},{\"@type\":\"ListItem\",\"position\":2,\"name\":\"Styrelsen\"}]},{\"@type\":\"WebSite\",\"@id\":\"https:\/\/potmaskin.se\/#website\",\"url\":\"https:\/\/potmaskin.se\/\",\"name\":\"LEH\",\"description\":\"Branschorganisationen f\u00f6r tillverkare och import\u00f6rer inom verktyg och tr\u00e4dg\u00e5rd\",\"publisher\":{\"@id\":\"https:\/\/potmaskin.se\/#organization\"},\"potentialAction\":[{\"@type\":\"SearchAction\",\"target\":{\"@type\":\"EntryPoint\",\"urlTemplate\":\"https:\/\/potmaskin.se\/?s={search_term_string}\"},\"query-input\":{\"@type\":\"PropertyValueSpecification\",\"valueRequired\":true,\"valueName\":\"search_term_string\"}}],\"inLanguage\":\"en-US\"},{\"@type\":\"Organization\",\"@id\":\"https:\/\/potmaskin.se\/#organization\",\"name\":\"LEH\",\"url\":\"https:\/\/potmaskin.se\/\",\"logo\":{\"@type\":\"ImageObject\",\"inLanguage\":\"en-US\",\"@id\":\"https:\/\/potmaskin.se\/#\/schema\/logo\/image\/\",\"url\":\"https:\/\/potmaskin.se\/wp-content\/uploads\/2026\/01\/cropped-NPG-Logga-orginal_1.jpg\",\"contentUrl\":\"https:\/\/potmaskin.se\/wp-content\/uploads\/2026\/01\/cropped-NPG-Logga-orginal_1.jpg\",\"width\":500,\"height\":134,\"caption\":\"LEH\"},\"image\":{\"@id\":\"https:\/\/potmaskin.se\/#\/schema\/logo\/image\/\"}}]}<\/script>\n<!-- \/ Yoast SEO plugin. -->","yoast_head_json":{"title":"Board of Directors - NPG","robots":{"index":"index","follow":"follow","max-snippet":"max-snippet:-1","max-image-preview":"max-image-preview:large","max-video-preview":"max-video-preview:-1"},"canonical":"https:\/\/potmaskin.se\/en\/styrelsen\/","og_locale":"en_US","og_type":"article","og_title":"Styrelsen - NPG","og_description":"NPGs Styrelse","og_url":"https:\/\/potmaskin.se\/en\/styrelsen\/","og_site_name":"NPG","article_modified_time":"2026-01-13T10:36:39+00:00","twitter_card":"summary_large_image","schema":{"@context":"https:\/\/schema.org","@graph":[{"@type":"WebPage","@id":"https:\/\/potmaskin.se\/styrelsen\/","url":"https:\/\/potmaskin.se\/styrelsen\/","name":"Board of Directors - NPG","isPartOf":{"@id":"https:\/\/potmaskin.se\/#website"},"datePublished":"2024-10-03T10:09:00+00:00","dateModified":"2026-01-13T10:36:39+00:00","breadcrumb":{"@id":"https:\/\/potmaskin.se\/styrelsen\/#breadcrumb"},"inLanguage":"en-US","potentialAction":[{"@type":"ReadAction","target":["https:\/\/potmaskin.se\/styrelsen\/"]}]},{"@type":"BreadcrumbList","@id":"https:\/\/potmaskin.se\/styrelsen\/#breadcrumb","itemListElement":[{"@type":"ListItem","position":1,"name":"Home","item":"https:\/\/potmaskin.se\/"},{"@type":"ListItem","position":2,"name":"Styrelsen"}]},{"@type":"WebSite","@id":"https:\/\/potmaskin.se\/#website","url":"https:\/\/potmaskin.se\/","name":"LEH","description":"The trade association for manufacturers and importers of tools and garden equipment","publisher":{"@id":"https:\/\/potmaskin.se\/#organization"},"potentialAction":[{"@type":"SearchAction","target":{"@type":"EntryPoint","urlTemplate":"https:\/\/potmaskin.se\/?s={search_term_string}"},"query-input":{"@type":"PropertyValueSpecification","valueRequired":true,"valueName":"search_term_string"}}],"inLanguage":"en-US"},{"@type":"Organization","@id":"https:\/\/potmaskin.se\/#organization","name":"LEH","url":"https:\/\/potmaskin.se\/","logo":{"@type":"ImageObject","inLanguage":"en-US","@id":"https:\/\/potmaskin.se\/#\/schema\/logo\/image\/","url":"https:\/\/potmaskin.se\/wp-content\/uploads\/2026\/01\/cropped-NPG-Logga-orginal_1.jpg","contentUrl":"https:\/\/potmaskin.se\/wp-content\/uploads\/2026\/01\/cropped-NPG-Logga-orginal_1.jpg","width":500,"height":134,"caption":"LEH"},"image":{"@id":"https:\/\/potmaskin.se\/#\/schema\/logo\/image\/"}}]}},"_links":{"self":[{"href":"https:\/\/potmaskin.se\/en\/wp-json\/wp\/v2\/pages\/731897","targetHints":{"allow":["GET"]}}],"collection":[{"href":"https:\/\/potmaskin.se\/en\/wp-json\/wp\/v2\/pages"}],"about":[{"href":"https:\/\/potmaskin.se\/en\/wp-json\/wp\/v2\/types\/page"}],"author":[{"embeddable":true,"href":"https:\/\/potmaskin.se\/en\/wp-json\/wp\/v2\/users\/1"}],"replies":[{"embeddable":true,"href":"https:\/\/potmaskin.se\/en\/wp-json\/wp\/v2\/comments?post=731897"}],"version-history":[{"count":3,"href":"https:\/\/potmaskin.se\/en\/wp-json\/wp\/v2\/pages\/731897\/revisions"}],"predecessor-version":[{"id":732218,"href":"https:\/\/potmaskin.se\/en\/wp-json\/wp\/v2\/pages\/731897\/revisions\/732218"}],"wp:attachment":[{"href":"https:\/\/potmaskin.se\/en\/wp-json\/wp\/v2\/media?parent=731897"}],"curies":[{"name":"wp","href":"https:\/\/api.w.org\/{rel}","templated":true}]}}